{"id":6549,"date":"2024-12-10T18:08:05","date_gmt":"2024-12-10T17:08:05","guid":{"rendered":"https:\/\/captb.digitalfriendly.agency\/?page_id=6549"},"modified":"2025-03-04T10:07:52","modified_gmt":"2025-03-04T09:07:52","slug":"offre-demploi","status":"publish","type":"page","link":"https:\/\/www.captb.fr\/en\/offre-demploi\/","title":{"rendered":"Offre d&#8217;emploi"},"content":{"rendered":"<div data-elementor-type=\"wp-page\" data-elementor-id=\"6549\" class=\"elementor elementor-6549\">\n\t\t\t\t<div class=\"elementor-element elementor-element-ff62cf1 e-flex e-con-boxed e-con e-parent\" data-id=\"ff62cf1\" data-element_type=\"container\">\n\t\t\t\t\t<div class=\"e-con-inner\">\n\t\t<div class=\"elementor-element elementor-element-ef832ee e-con-full e-flex e-con e-child\" data-id=\"ef832ee\" data-element_type=\"container\">\n\t\t\t\t<div class=\"elementor-element elementor-element-72c9cbe elementor-widget elementor-widget-heading\" data-id=\"72c9cbe\" data-element_type=\"widget\" data-widget_type=\"heading.default\">\n\t\t\t\t<div class=\"elementor-widget-container\">\n\t\t\t\t\t<h2 class=\"elementor-heading-title elementor-size-default\">Description  de l'offre <\/h2>\t\t\t\t<\/div>\n\t\t\t\t<\/div>\n\t\t\t\t<div class=\"elementor-element elementor-element-1f31480 elementor-widget elementor-widget-text-editor\" data-id=\"1f31480\" data-element_type=\"widget\" data-widget_type=\"text-editor.default\">\n\t\t\t\t<div class=\"elementor-widget-container\">\n\t\t\t\t\t\t\t\t\t<p>Intitul\u00e9 du poste\u00a0: Op\u00e9rateur de Tri\/Pr\u00e9paration et de Num\u00e9risation<\/p><p>CDI, CDD, Mission temporaire<\/p><p>Temps de travail\u00a0\u00a0\u00a0\u00a0\u00a0\u00a0\u00a0\u00a0\u00a0\u00a0\u00a0\u00a0 35H semaine<\/p><p>Lieu de travail\u00a0\u00a0 Si\u00e8ge CAP TB Vitrolles.<\/p><p>DESCRIPTION DU POSTE<\/p><p>L&rsquo;op\u00e9rateur de tri, de pr\u00e9paration et de num\u00e9risation est en charge de l&rsquo;ex\u00e9cution efficace des t\u00e2ches li\u00e9es au tri, \u00e0 la pr\u00e9paration et \u00e0 la num\u00e9risation des documents. Il doit veiller \u00e0 ce que les documents soient tri\u00e9s, pr\u00e9par\u00e9s et num\u00e9ris\u00e9s avec pr\u00e9cision, en respectant les proc\u00e9dures \u00e9tablies et en garantissant la confidentialit\u00e9 des informations. Il est tenu de rendre des comptes \u00e0 son responsable d\u2019atelier.<\/p><p>Activit\u00e9s et t\u00e2ches<\/p><ol><li>Tri des documents :<\/li><\/ol><ul><li>Recevoir les documents physiques \u00e0 trier.<\/li><li>Identifier les diff\u00e9rents types de documents et les classer selon les crit\u00e8res d\u00e9finis avec des intercalaires s\u00e9parateurs par typologies.<\/li><li>Veiller \u00e0 ce que les documents soient correctement \u00e9tiquet\u00e9s et organis\u00e9s.<\/li><\/ul><ol start=\"2\"><li>Pr\u00e9paration des documents :<\/li><\/ol><ul><li>V\u00e9rifier l&rsquo;int\u00e9gralit\u00e9 des documents re\u00e7us.<\/li><li>Retirer les agrafes, trombones et autres \u00e9l\u00e9ments qui pourraient entraver le processus de num\u00e9risation.<\/li><li>Rectifier les pages corn\u00e9es ou endommag\u00e9es.<\/li><li>Classer les documents dans l&rsquo;ordre appropri\u00e9.<\/li><\/ul><ol start=\"3\"><li>Num\u00e9risation des documents :<\/li><\/ol><ul><li>Utiliser des scanners et des postes informatiques de capture pour convertir les documents physiques en format \u00e9lectronique.<\/li><li>S&rsquo;assurer que les param\u00e8tres de num\u00e9risation sont correctement configur\u00e9s (r\u00e9solution, format, etc.).<\/li><li>V\u00e9rifier la qualit\u00e9 des images num\u00e9ris\u00e9es et effectuer des retouches si n\u00e9cessaire.<\/li><\/ul><ol start=\"4\"><li>Indexation et Gestion des donn\u00e9es :<\/li><\/ol><ul><li>Saisir les informations relatives aux documents num\u00e9ris\u00e9s dans les syst\u00e8mes de gestion de documents.<\/li><li>Assurer l&rsquo;exactitude des m\u00e9tadonn\u00e9es associ\u00e9es aux documents num\u00e9ris\u00e9s.<\/li><li>Suivre les proc\u00e9dures de sauvegarde des fichiers num\u00e9ris\u00e9s.<\/li><\/ul><p>COMP\u00c9TENCES REQUISES POUR LE POSTE<\/p><p>Dipl\u00f4mes et formations Niveau : de BEP \u00e0 BAC +3<\/p><p>Connaissances et comp\u00e9tences requises<\/p><ul><li>Capacit\u00e9 \u00e0 travailler de mani\u00e8re organis\u00e9e et pr\u00e9cise.<\/li><li>Comp\u00e9tences en informatique et familiarit\u00e9 avec les logiciels de num\u00e9risation.<\/li><li>Aptitude \u00e0 respecter les d\u00e9lais et \u00e0 g\u00e9rer les priorit\u00e9s.<\/li><li>Capacit\u00e9 \u00e0 maintenir la confidentialit\u00e9 des informations trait\u00e9es.<\/li><li>Bonne attention aux d\u00e9tails et capacit\u00e9 \u00e0 d\u00e9tecter les erreurs.<\/li><li>Comp\u00e9tences en communication pour coop\u00e9rer avec les membres de l&rsquo;\u00e9quipe.<\/li><li>Une exp\u00e9rience pr\u00e9alable dans le domaine de la num\u00e9risation ou de la gestion de documents est un plus.<\/li><li>Une formation suppl\u00e9mentaire sur les techniques de num\u00e9risation et l&rsquo;utilisation des \u00e9quipements sera fournie.<\/li><\/ul><p>Qualit\u00e9s requises\u00a0\u00a0<\/p><ul><li>Organisation : \u00catre capable de g\u00e9rer efficacement les flux de documents, de trier et de classer les informations de mani\u00e8re logique et syst\u00e9matique.<\/li><li>Pr\u00e9cision : Avoir une grande attention aux d\u00e9tails et \u00eatre pr\u00e9cis dans l&rsquo;ex\u00e9cution des t\u00e2ches afin de garantir l&rsquo;exactitude des informations num\u00e9ris\u00e9es.<\/li><li>Capacit\u00e9 \u00e0 respecter les d\u00e9lais : \u00catre capable de travailler efficacement dans des d\u00e9lais pr\u00e9d\u00e9finis pour assurer un flux de travail r\u00e9gulier et \u00e9viter les retards.<\/li><li>Confidentialit\u00e9 : \u00catre conscient de la nature confidentielle des informations trait\u00e9es et s&rsquo;engager \u00e0 maintenir leur confidentialit\u00e9 en respectant les politiques et les proc\u00e9dures de s\u00e9curit\u00e9 \u00e9tablies.<\/li><li>Comp\u00e9tences techniques : \u00catre \u00e0 l&rsquo;aise avec la manipulation de scanners, de logiciels de traitement d&rsquo;images et de syst\u00e8mes de gestion de documents.<\/li><li>Esprit d&rsquo;\u00e9quipe : \u00catre capable de collaborer efficacement avec les autres membres de l&rsquo;\u00e9quipe pour assurer un flux de travail harmonieux et atteindre les objectifs communs.<\/li><li>Adaptabilit\u00e9 : \u00catre ouvert au changement et capable de s&rsquo;adapter rapidement \u00e0 de nouveaux processus, \u00e9quipements ou technologies li\u00e9s \u00e0 la num\u00e9risation et \u00e0 la gestion des documents.<\/li><li>Communication : Avoir de bonnes comp\u00e9tences en communication pour \u00e9changer des informations claires et pr\u00e9cises avec les membres de l&rsquo;\u00e9quipe et son responsable.<\/li><\/ul><p>Exp\u00e9rience exig\u00e9e\u00a0: D\u00e9butant accept\u00e9<\/p>\t\t\t\t\t\t\t\t<\/div>\n\t\t\t\t<\/div>\n\t\t\t\t<\/div>\n\t\t<div class=\"elementor-element elementor-element-c2b091a e-con-full e-flex e-con e-child\" data-id=\"c2b091a\" data-element_type=\"container\">\n\t\t\t\t<div class=\"elementor-element elementor-element-34658d4 elementor-widget elementor-widget-shortcode\" data-id=\"34658d4\" data-element_type=\"widget\" data-widget_type=\"shortcode.default\">\n\t\t\t\t<div class=\"elementor-widget-container\">\n\t\t\t\t\t\t\t<div class=\"elementor-shortcode\">\n<div class=\"wpcf7 no-js\" id=\"wpcf7-f6550-o1\" lang=\"en-US\" dir=\"ltr\" data-wpcf7-id=\"6550\">\n<div class=\"screen-reader-response\"><p role=\"status\" aria-live=\"polite\" aria-atomic=\"true\"><\/p> <ul><\/ul><\/div>\n<form action=\"\/en\/wp-json\/wp\/v2\/pages\/6549#wpcf7-f6550-o1\" method=\"post\" class=\"wpcf7-form init\" aria-label=\"Contact form\" enctype=\"multipart\/form-data\" novalidate=\"novalidate\" data-status=\"init\" data-trp-original-action=\"\/en\/wp-json\/wp\/v2\/pages\/6549#wpcf7-f6550-o1\">\n<fieldset class=\"hidden-fields-container\"><input type=\"hidden\" name=\"_wpcf7\" value=\"6550\" \/><input type=\"hidden\" name=\"_wpcf7_version\" value=\"6.1.4\" \/><input type=\"hidden\" name=\"_wpcf7_locale\" value=\"en_US\" \/><input type=\"hidden\" name=\"_wpcf7_unit_tag\" value=\"wpcf7-f6550-o1\" \/><input type=\"hidden\" name=\"_wpcf7_container_post\" value=\"0\" \/><input type=\"hidden\" name=\"_wpcf7_posted_data_hash\" value=\"\" \/>\n<\/fieldset>\n<div class=\"row\">\n\n<div class=\"col-md-6 mb-30\">\n<div class=\"request__quote-item\">\n<label> Name *\n<span class=\"wpcf7-form-control-wrap\" data-name=\"first-name\"><input size=\"40\" maxlength=\"400\" class=\"wpcf7-form-control wpcf7-text wpcf7-validates-as-required\" aria-required=\"true\" aria-invalid=\"false\" placeholder=\"Name\" value=\"\" type=\"text\" name=\"first-name\" \/><\/span> <\/label>\n<\/div>\n<\/div>\n\n<div class=\"col-md-6 md-mt-0 lg-mb-30\">\n<div class=\"request__quote-item\">\n<label> 1st name\n<span class=\"wpcf7-form-control-wrap\" data-name=\"last-name\"><input size=\"40\" maxlength=\"400\" class=\"wpcf7-form-control wpcf7-text\" aria-invalid=\"false\" placeholder=\"1st name\" value=\"\" type=\"text\" name=\"last-name\" \/><\/span> <\/label>\n<\/div>\n<\/div>\n\n<div class=\"col-md-6 mb-30\">\n<div class=\"request__quote-item\">\n<label>E-mail address *\n<span class=\"wpcf7-form-control-wrap\" data-name=\"your-email\"><input size=\"40\" maxlength=\"400\" class=\"wpcf7-form-control wpcf7-email wpcf7-validates-as-required wpcf7-text wpcf7-validates-as-email\" aria-required=\"true\" aria-invalid=\"false\" placeholder=\"Email\" value=\"\" type=\"email\" name=\"your-email\" \/><\/span><\/label>\n<\/div>\n<\/div>\n\n<div class=\"col-md-6 lg-mb-30\">\n<div class=\"request__quote-item\">\n<label>Telephone *\n<span class=\"wpcf7-form-control-wrap\" data-name=\"phone-Number\"><input size=\"40\" maxlength=\"400\" class=\"wpcf7-form-control wpcf7-text wpcf7-validates-as-required\" aria-required=\"true\" aria-invalid=\"false\" placeholder=\"+00 123 4567\" value=\"\" type=\"text\" name=\"phone-Number\" \/><\/span> <\/label>\n<\/div>\n<\/div>\n\n<div class=\"col-md-12\">\n<div class=\"request__quote-item\">\n<label>LinkedIn *\n<span class=\"wpcf7-form-control-wrap\" data-name=\"company-name\"><input size=\"40\" maxlength=\"400\" class=\"wpcf7-form-control wpcf7-text wpcf7-validates-as-required\" aria-required=\"true\" aria-invalid=\"false\" placeholder=\"LinkedIn\" value=\"\" type=\"text\" name=\"company-name\" \/><\/span> <\/label>\n<\/div>\n<br><\/br>\n<\/div>\n\n\n\n<div class=\"col-md-12\">\n<div class=\"request__quote-item\">\n<label>Submit your CV*\n<span class=\"wpcf7-form-control-wrap\" data-name=\"candidature\"><input size=\"40\" class=\"wpcf7-form-control wpcf7-file wpcf7-validates-as-required\" accept=\"audio\/*,video\/*,image\/*\" aria-required=\"true\" aria-invalid=\"false\" type=\"file\" name=\"candidature\" \/><\/span><\/label>\n<\/div>\n<\/div>\n<div class=\"col-md-12\">\n<div class=\"request__quote-item\">\n<label>Lettre de Motivation*\n<span class=\"wpcf7-form-control-wrap\" data-name=\"candidature\"><input size=\"40\" class=\"wpcf7-form-control wpcf7-file wpcf7-validates-as-required\" accept=\"audio\/*,video\/*,image\/*\" aria-required=\"true\" aria-invalid=\"false\" type=\"file\" name=\"candidature\" \/><\/span><\/label>\n<\/div>\n<\/div>\n\n<div class=\"col-lg-12\">\n<button class=\"btn-one mt-30\" type=\"submit\">\nSend\n<\/button>\n<\/div>\n<\/div><p style=\"display: none !important;\" class=\"akismet-fields-container\" data-prefix=\"_wpcf7_ak_\"><label>&#916;<textarea name=\"_wpcf7_ak_hp_textarea\" cols=\"45\" rows=\"8\" maxlength=\"100\"><\/textarea><\/label><input type=\"hidden\" id=\"ak_js_1\" name=\"_wpcf7_ak_js\" value=\"133\"\/><script>document.getElementById( \"ak_js_1\" ).setAttribute( \"value\", ( new Date() ).getTime() );<\/script><\/p><div class=\"wpcf7-response-output\" aria-hidden=\"true\"><\/div>\n<input type=\"hidden\" name=\"trp-form-language\" value=\"en\"\/><\/form>\n<\/div>\n<\/div>\n\t\t\t\t\t\t<\/div>\n\t\t\t\t<\/div>\n\t\t\t\t<\/div>\n\t\t\t\t\t<\/div>\n\t\t\t\t<\/div>\n\t\t\t\t<\/div>","protected":false},"excerpt":{"rendered":"<p>Description de l&rsquo;offre Intitul\u00e9 du poste\u00a0: Op\u00e9rateur de Tri\/Pr\u00e9paration et de Num\u00e9risation CDI, CDD, Mission temporaire Temps de travail\u00a0\u00a0\u00a0\u00a0\u00a0\u00a0\u00a0\u00a0\u00a0\u00a0\u00a0\u00a0 35H semaine Lieu de travail\u00a0\u00a0 Si\u00e8ge CAP TB Vitrolles. DESCRIPTION DU POSTE L&rsquo;op\u00e9rateur de tri, de pr\u00e9paration et de num\u00e9risation est en charge de l&rsquo;ex\u00e9cution efficace des t\u00e2ches li\u00e9es au tri, \u00e0 la pr\u00e9paration et \u00e0 [&hellip;]<\/p>","protected":false},"author":2,"featured_media":0,"parent":0,"menu_order":0,"comment_status":"closed","ping_status":"closed","template":"","meta":{"footnotes":""},"class_list":["post-6549","page","type-page","status-publish","hentry"],"_links":{"self":[{"href":"https:\/\/www.captb.fr\/en\/wp-json\/wp\/v2\/pages\/6549","targetHints":{"allow":["GET"]}}],"collection":[{"href":"https:\/\/www.captb.fr\/en\/wp-json\/wp\/v2\/pages"}],"about":[{"href":"https:\/\/www.captb.fr\/en\/wp-json\/wp\/v2\/types\/page"}],"author":[{"embeddable":true,"href":"https:\/\/www.captb.fr\/en\/wp-json\/wp\/v2\/users\/2"}],"replies":[{"embeddable":true,"href":"https:\/\/www.captb.fr\/en\/wp-json\/wp\/v2\/comments?post=6549"}],"version-history":[{"count":19,"href":"https:\/\/www.captb.fr\/en\/wp-json\/wp\/v2\/pages\/6549\/revisions"}],"predecessor-version":[{"id":7068,"href":"https:\/\/www.captb.fr\/en\/wp-json\/wp\/v2\/pages\/6549\/revisions\/7068"}],"wp:attachment":[{"href":"https:\/\/www.captb.fr\/en\/wp-json\/wp\/v2\/media?parent=6549"}],"curies":[{"name":"wp","href":"https:\/\/api.w.org\/{rel}","templated":true}]}}